{"id":234,"date":"2022-02-22T15:06:05","date_gmt":"2022-02-22T15:06:05","guid":{"rendered":"https:\/\/www.mastsrl.net\/machines\/"},"modified":"2022-07-06T13:19:16","modified_gmt":"2022-07-06T13:19:16","slug":"machines","status":"publish","type":"page","link":"https:\/\/www.mastsrl.net\/fr\/machines\/","title":{"rendered":"Machines"},"content":{"rendered":"\n<title>MAST srl | Machines et syst\u00e8me d\u2019embouteillage<\/title>\n<div class=\"wp-block-columns is-layout-flex wp-container-core-columns-is-layout-9d6595d7 wp-block-columns-is-layout-flex\">\n<div class=\"wp-block-column is-vertically-aligned-top is-layout-flow wp-block-column-is-layout-flow\" style=\"flex-basis:66.66%\">\n<h5 class=\"wp-block-heading\" id=\"riempitrici\">MACHINE \u00c0 REMPLISSAGE<\/h5>\n\n\n\n<p>Les machines \u00e0 remplissage repr\u00e9sentent le point focal des syst\u00e8mes d\u2019embouteillage. Elles sont utilis\u00e9es pour embouteiller de diff\u00e9rents types de produits liquides ou \u00e0 haute viscosit\u00e9 ; faciles \u00e0 utiliser elles n\u00e9cessitent peu de maintenance. Il y a plusieurs types de machines selon le produit ou le conteneur : remplissages manuelles, semi-automatiques \u2013 automatiques.<\/p>\n\n\n\n<div style=\"height:30px\" aria-hidden=\"true\" class=\"wp-block-spacer\"><\/div>\n\n\n\r\n    <a href=\"https:\/\/www.mastsrl.net\/contatti\">\r\n    <button class=\"position-absolute bottom-0   bg-red text-white\" title=\"Richiedi maggiori informazioni - mastsrl.net\">Demander des informations\n<\/button>\r\n    <\/a>\r\n    \n<\/div>\n\n\n\n<div class=\"wp-block-column is-vertically-aligned-center is-layout-flow wp-block-column-is-layout-flow\" style=\"flex-basis:33.33%\">\n<div class=\"wp-block-image\"><figure class=\"aligncenter size-full\"><img decoding=\"async\" src=\"https:\/\/www.mastsrl.net\/wp-content\/uploads\/2021\/12\/macchriemp.png\" alt=\"Machine &#xE0; remplissage - Mast srl\" class=\"wp-image-146\" title=\"Machine &#xE0; remplissage - Mast srl\"\/><\/figure><\/div>\n<\/div>\n<\/div>\n\n<hr class=\"wp-block-separator is-style-wide\"\/>\n\n<div class=\"wp-block-columns is-layout-flex wp-container-core-columns-is-layout-9d6595d7 wp-block-columns-is-layout-flex\">\n<div class=\"wp-block-column is-vertically-aligned-center is-layout-flow wp-block-column-is-layout-flow\" style=\"flex-basis:66.66%\">\n<h5 class=\"wp-block-heading\" id=\"monoblocchi\">MACHINES MONOBLOC<\/h5>\n\n\n\n<p>Le monobloc lin\u00e9aire a \u00e9t\u00e9 \u00e9tudi\u00e9 pour les clients qui utilisent beaucoup de conteneurs, soit PET que canettes (rondes ou carr\u00e9es). Il est fait de deux postes : le poste de remplissage et celui de capsulage. On utilise un syst\u00e8me \u00e0 l\u2019avant-garde de remplissage par distributeurs qui contr\u00f4lent la masse en offrant grande pr\u00e9cision sur le poids et un gain de temps sur le change de mod\u00e8le\/taille. Par l\u2019\u00e9cran tactile, on peut introduire beaucoup de recettes. Le num\u00e9ro des distributeurs change selon la production demand\u00e9e par le client et la densit\u00e9 du produit : la machine peut remplir conteneurs de 250 ml jusqu\u2019\u00e0 5 litres. La boucheuse est form\u00e9e par une trieuse de bouchons, un syst\u00e8me de descente et t\u00eate de capsulage. Ce type de machine est conseill\u00e9e pour fluides alimentaires et non, par exemple huiles comestibles, vinaigre, liqueurs, produits non moussants, etc.<\/p>\n\n\n\n<div style=\"height:30px\" aria-hidden=\"true\" class=\"wp-block-spacer\"><\/div>\n\n\n\r\n    <a href=\"https:\/\/www.mastsrl.net\/contatti\">\r\n    <button class=\"position-absolute bottom-0   bg-red text-white\" title=\"Richiedi maggiori informazioni - mastsrl.net\">Demander des informations\n<\/button>\r\n    <\/a>\r\n    \n<\/div>\n\n\n\n<div class=\"wp-block-column is-vertically-aligned-center is-layout-flow wp-block-column-is-layout-flow\" style=\"flex-basis:33.33%\">\n<div class=\"wp-block-image\"><figure class=\"alignright size-full\"><img decoding=\"async\" src=\"https:\/\/www.mastsrl.net\/wp-content\/uploads\/2021\/12\/macchmono.png\" alt=\"Machines monobloc - Mast srl\" class=\"wp-image-147\" title=\"Machines monobloc - Mast srl\"\/><\/figure><\/div>\n<\/div>\n<\/div>\n\n<hr class=\"wp-block-separator is-style-wide\"\/>\n\n<div class=\"wp-block-columns is-layout-flex wp-container-core-columns-is-layout-9d6595d7 wp-block-columns-is-layout-flex\">\n<div class=\"wp-block-column is-vertically-aligned-center is-layout-flow wp-block-column-is-layout-flow\" style=\"flex-basis:66.66%\">\n<h5 class=\"wp-block-heading\" id=\"triblocchi\">MACHINES TROIS PI\u00c8CES<\/h5>\n\n\n\n<p>Ce sont des syst\u00e8mes automatiques qui unissent les machines \u00e0 remplissage, machine soufflage et rin\u00e7age et boucheuses. Les machines trois blocs permettent de r\u00e9unir et d\u2019automatiser les processus de soufflage ou rin\u00e7age, remplissage et boucheurs. Elles sont pratiques et optimisent l\u2019espace car elles ont moins d\u2019encombrement par rapport aux trois machines s\u00e9par\u00e9es.<\/p>\n\n\n\n<div style=\"height:30px\" aria-hidden=\"true\" class=\"wp-block-spacer\"><\/div>\n\n\n\r\n    <a href=\"https:\/\/www.mastsrl.net\/contatti\">\r\n    <button class=\"position-absolute bottom-0   bg-red text-white\" title=\"Richiedi maggiori informazioni - mastsrl.net\">Demander des informations\n<\/button>\r\n    <\/a>\r\n    \n<\/div>\n\n\n\n<div class=\"wp-block-column is-vertically-aligned-center is-layout-flow wp-block-column-is-layout-flow\" style=\"flex-basis:33.33%\">\n<figure class=\"wp-block-image size-full\"><img loading=\"lazy\" decoding=\"async\" width=\"715\" height=\"652\" src=\"https:\/\/www.mastsrl.net\/wp-content\/uploads\/2022\/03\/triblocchi_mast.jpg\" alt=\"Machines trois pi&#xE8;ces - Mast srl\" class=\"wp-image-136\" srcset=\"https:\/\/www.mastsrl.net\/wp-content\/uploads\/2022\/03\/triblocchi_mast.jpg 715w, https:\/\/www.mastsrl.net\/wp-content\/uploads\/2022\/03\/triblocchi_mast-300x274.jpg 300w\" sizes=\"auto, (max-width: 715px) 100vw, 715px\" \/><\/figure><\/div>\n<\/div>\n\n<hr class=\"wp-block-separator is-style-wide\"\/>\n\n<div class=\"wp-block-columns is-layout-flex wp-container-core-columns-is-layout-9d6595d7 wp-block-columns-is-layout-flex\">\n<div class=\"wp-block-column is-vertically-aligned-center is-layout-flow wp-block-column-is-layout-flow\" style=\"flex-basis:66.66%\">\n<h5 class=\"wp-block-heading\" id=\"tappatori\"><br\/>BOUCHEUSES<\/h5>\n\n\n\n<p>Les machines \u00e0 capsulage couvrent le dernier passage de travail sur les bouteilles : apr\u00e8s le remplissage, on applique un bouchon sur elles pour les stocker ou transporter ailleurs.<br\/>On a plusieurs machines diff\u00e9rentes pour le capsulage ; ces syst\u00e8mes peuvent varier selon le type de bouchons et le conteneur et elles sont manuelles, semi-automatiques ou automatiques.<\/p>\n\n\n\n<div style=\"height:30px\" aria-hidden=\"true\" class=\"wp-block-spacer\"><\/div>\n\n\n\r\n    <a href=\"https:\/\/www.mastsrl.net\/contatti\">\r\n    <button class=\"position-absolute bottom-0   bg-red text-white\" title=\"Richiedi maggiori informazioni - mastsrl.net\">Demander des informations\n<\/button>\r\n    <\/a>\r\n    \n<\/div>\n\n\n\n<div class=\"wp-block-column is-vertically-aligned-center is-layout-flow wp-block-column-is-layout-flow\" style=\"flex-basis:33.33%\">\n<div class=\"wp-block-image\"><figure class=\"aligncenter size-full\"><img decoding=\"async\" src=\"https:\/\/www.mastsrl.net\/wp-content\/uploads\/2021\/12\/macchtap.png\" alt=\"Boucheuses - Mast srl\" class=\"wp-image-149\" title=\"Boucheuses - Mast srl\"\/><\/figure><\/div>\n<\/div>\n<\/div>\n\n<hr class=\"wp-block-separator is-style-wide\"\/>\n\n<div class=\"wp-block-columns is-layout-flex wp-container-core-columns-is-layout-9d6595d7 wp-block-columns-is-layout-flex\">\n<div class=\"wp-block-column is-vertically-aligned-center is-layout-flow wp-block-column-is-layout-flow\" style=\"flex-basis:66.66%\">\n<h5 class=\"wp-block-heading\" id=\"nastri-trasportatori\"><br\/>BANDES TRANSPORTEUSES<\/h5>\n\n\n\n<p>Elles unissent les diff\u00e9rentes lignes aux tables de collecte et stockage, bref, elles permettent le transport des produits d\u2019une machine \u00e0 l\u2019autre. Il y a diff\u00e9rents types (bande, mailles, courroies) selon les exigences (bandes lin\u00e9aires, courb\u00e9es ou pench\u00e9es). On peut fournir designs sur mesure appropri\u00e9 \u00e0 tout syst\u00e8me et installation.<\/p>\n\n\n\n<div style=\"height:30px\" aria-hidden=\"true\" class=\"wp-block-spacer\"><\/div>\n\n\n\r\n    <a href=\"https:\/\/www.mastsrl.net\/contatti\">\r\n    <button class=\"position-absolute bottom-0   bg-red text-white\" title=\"Richiedi maggiori informazioni - mastsrl.net\">Demander des informations\n<\/button>\r\n    <\/a>\r\n    \n<\/div>\n\n\n\n<div class=\"wp-block-column is-vertically-aligned-center is-layout-flow wp-block-column-is-layout-flow\" style=\"flex-basis:33.33%\">\n<div class=\"wp-block-image\"><figure class=\"aligncenter size-full\"><img decoding=\"async\" src=\"https:\/\/www.mastsrl.net\/wp-content\/uploads\/2021\/12\/macchnas.png\" alt=\"Bandes transporteuses - Mast srl\" class=\"wp-image-150\" title=\"Bandes transporteuses - Mast srl\"\/><\/figure><\/div>\n<\/div>\n<\/div>\n\n<hr class=\"wp-block-separator is-style-wide\"\/>\n\n<div class=\"wp-block-columns is-layout-flex wp-container-core-columns-is-layout-9d6595d7 wp-block-columns-is-layout-flex\">\n<div class=\"wp-block-column is-vertically-aligned-center is-layout-flow wp-block-column-is-layout-flow\" style=\"flex-basis:66.66%\">\n<h5 class=\"wp-block-heading\" id=\"elevatori-tappi\">EL\u00c9VATEUR DE BOUCHONS<\/h5>\n\n\n\n<p>Ils permettent de transporter automatiquement les bouchons \u00e0 la trieuse de bouchons. Les bouchons sont renvers\u00e9s dans un conteneur de diff\u00e9rentes tailles selon le besoin de port\u00e9e.<br\/>Ils sont en acier inoxydable \u2013 le conteneur est sur une base de deux pieds et deux roues. Les \u00e9l\u00e9vateurs sont pos\u00e9s dans un bassin avec un couvercle et ils sont conduits \u00e0 l\u2019int\u00e9rieur du bassin de la boucheuse par une bande transporteuse en caoutchouc anti-abrasif. Ils sont dou\u00e9s d\u2019un cadre \u00e9lectrique de contr\u00f4le avec une cellule photo\u00e9lectrique d\u2019haut niveau.<\/p>\n\n\n\n<div style=\"height:30px\" aria-hidden=\"true\" class=\"wp-block-spacer\"><\/div>\n\n\n\r\n    <a href=\"https:\/\/www.mastsrl.net\/contatti\">\r\n    <button class=\"position-absolute bottom-0   bg-red text-white\" title=\"Richiedi maggiori informazioni - mastsrl.net\">Demander des informations\n<\/button>\r\n    <\/a>\r\n    \n<\/div>\n\n\n\n<div class=\"wp-block-column is-vertically-aligned-center is-layout-flow wp-block-column-is-layout-flow\" style=\"flex-basis:33.33%\">\n<div class=\"wp-block-image\"><figure class=\"aligncenter size-full\"><img decoding=\"async\" src=\"https:\/\/www.mastsrl.net\/wp-content\/uploads\/2021\/12\/macchele.png\" alt=\"El&#xE9;vateur de bouchons - Mast srl\" class=\"wp-image-151\" title=\"El&#xE9;vateur de bouchons - Mast srl\"\/><\/figure><\/div>\n<\/div>\n<\/div>\n\n<hr class=\"wp-block-separator is-style-wide\"\/>\n\n<div class=\"wp-block-columns is-layout-flex wp-container-core-columns-is-layout-9d6595d7 wp-block-columns-is-layout-flex\">\n<div class=\"wp-block-column is-vertically-aligned-center is-layout-flow wp-block-column-is-layout-flow\" style=\"flex-basis:66.66%\">\n<h5 class=\"wp-block-heading\" id=\"riordinatori-tappi\">TRIEUSE DE BOUCHONS<\/h5>\n\n\n\n<p>Ces machines doivent choisir et ranger les bouchons. Le syst\u00e8me peut \u00eatre \u00e0 vibration ou \u00e0 rotation : dans le premier cas, l\u2019\u00e9l\u00e9vateur n\u2019est pas indispensable, dans le deuxi\u00e8me cas, l\u2019\u00e9l\u00e9vateur est n\u00e9cessaire. Un d\u00e9tecteur \u00e0 l\u2019int\u00e9rieur capte la quantit\u00e9 de bouchons, qui sont envoy\u00e9s par des jets d\u2019air \u00e0 la sortie. Le sens de sortie et la vitesse peuvent \u00eatre r\u00e9gl\u00e9es selon n\u00e9cessit\u00e9. Sur la base du layout de la ligne de production on peut fournir la combination parfaite de rangement et distribution de bouchons et syst\u00e8mes de fermeture.<\/p>\n\n\n\n<div style=\"height:30px\" aria-hidden=\"true\" class=\"wp-block-spacer\"><\/div>\n\n\n\r\n    <a href=\"https:\/\/www.mastsrl.net\/contatti\">\r\n    <button class=\"position-absolute bottom-0   bg-red text-white\" title=\"Richiedi maggiori informazioni - mastsrl.net\">Demander des informations\n<\/button>\r\n    <\/a>\r\n    \n<\/div>\n\n\n\n<div class=\"wp-block-column is-vertically-aligned-center is-layout-flow wp-block-column-is-layout-flow\" style=\"flex-basis:33.33%\">\n<div class=\"wp-block-image\"><figure class=\"aligncenter size-full\"><img decoding=\"async\" src=\"https:\/\/www.mastsrl.net\/wp-content\/uploads\/2021\/12\/macchriord.png\" alt=\"Trieuse de bouchons - Mast srl\" class=\"wp-image-152\" title=\"Trieuse de bouchons - Mast srl\"\/><\/figure><\/div>\n<\/div>\n<\/div>\n\n<hr class=\"wp-block-separator is-style-wide\"\/>\n\n<div class=\"wp-block-columns is-layout-flex wp-container-core-columns-is-layout-9d6595d7 wp-block-columns-is-layout-flex\">\n<div class=\"wp-block-column is-vertically-aligned-center is-layout-flow wp-block-column-is-layout-flow\" style=\"flex-basis:66.66%\">\n<h5 class=\"wp-block-heading\" id=\"soffiatrici-e-sciacquatrici\">MACHINE SOUFFLAGE ET RIN\u00c7AGE<\/h5>\n\n\n\n<p>Ces machines permettent de nettoyer les bouteilles \u00e0 l\u2019int\u00e9rieur avant de les remplir. Elles utilisent un jet d\u2019air, d\u2019eau ou produit hygi\u00e9nisant. Les machines \u00e0 rin\u00e7age font un double travail (jet liquide et jet d\u2019air) : le choix entre les deux syst\u00e8mes doit consid\u00e9rer les produits \u00e0 embouteiller. Les bouteilles entrent dans la machine par une bande et s\u2019installent \u00e0 travers une cochl\u00e9e : elles sont prises du cou par une pince aux tampons en caoutchouc, tourn\u00e9es \u00e0 180\u00b0 et nettoy\u00e9es par une solution liquide ou de l\u2019air comprim\u00e9 trait\u00e9 inject\u00e9s \u00e0 travers une tuy\u00e8re. Apr\u00e8s ces op\u00e9rations les bouteilles sont rang\u00e9es au sens initial, pr\u00eates au passage successif. Ces machines peuvent \u00eatre manuelles, semi automatiques ou automatiques.<\/p>\n\n\n\n<div style=\"height:30px\" aria-hidden=\"true\" class=\"wp-block-spacer\"><\/div>\n\n\n\r\n    <a href=\"https:\/\/www.mastsrl.net\/contatti\">\r\n    <button class=\"position-absolute bottom-0   bg-red text-white\" title=\"Richiedi maggiori informazioni - mastsrl.net\">Demander des informations\n<\/button>\r\n    <\/a>\r\n    \n<\/div>\n\n\n\n<div class=\"wp-block-column is-vertically-aligned-center is-layout-flow wp-block-column-is-layout-flow\" style=\"flex-basis:33.33%\">\n<div class=\"wp-block-image\"><figure class=\"aligncenter size-full\"><img decoding=\"async\" src=\"https:\/\/www.mastsrl.net\/wp-content\/uploads\/2021\/12\/macchsoff.png\" alt=\"Machine soufflage et rin&#xE7;age - Mast srl\" class=\"wp-image-153\" title=\"Machine soufflage et rin&#xE7;age - Mast srl\"\/><\/figure><\/div>\n<\/div>\n<\/div>\n\n<hr class=\"wp-block-separator is-style-wide\"\/>\n\n<div class=\"wp-block-columns is-layout-flex wp-container-core-columns-is-layout-9d6595d7 wp-block-columns-is-layout-flex\">\n<div class=\"wp-block-column is-vertically-aligned-center pe-5 is-layout-flow wp-block-column-is-layout-flow\" style=\"flex-basis:66.66%\">\n<h5 class=\"wp-block-heading\" id=\"revamping\">REVAMPING<\/h5>\n\n\n\n<p>C\u2019est une r\u00e9novation g\u00e9n\u00e9rale interne et externe des machines. Ce n\u2019est pas seulement une r\u00e9novation du style mais aussi une r\u00e9novation des parties m\u00e9caniques, s\u2019il faut. Il s\u2019agit d\u2019une r\u00e9vision totale et professionnel de la machine, soit \u00e0 l\u2019int\u00e9rieur soit \u00e0 l\u2019ext\u00e9rieur. On commence d\u2019abord par le d\u00e9mant\u00e8lement et \u00e0 la v\u00e9rification des syst\u00e8mes et des composants : on continue par la maintenance des composants afin de donner \u00e0 la machine un niveau similaire \u00e0 celui d\u2019une machine nouvelle, soit du point de vue esth\u00e9tique que m\u00e9canique et des performances.<\/p>\n\n\n\n<div style=\"height:30px\" aria-hidden=\"true\" class=\"wp-block-spacer\"><\/div>\n\n\n\r\n    <a href=\"https:\/\/www.mastsrl.net\/contatti\">\r\n    <button class=\"position-absolute bottom-0   bg-red text-white\" title=\"Richiedi maggiori informazioni - mastsrl.net\">Demander des informations\n<\/button>\r\n    <\/a>\r\n    \n<\/div>\n\n\n\n<div class=\"wp-block-column is-vertically-aligned-center is-layout-flow wp-block-column-is-layout-flow\" style=\"flex-basis:33.33%\">\n<div class=\"wp-block-image\"><figure class=\"aligncenter size-full\"><img decoding=\"async\" src=\"https:\/\/www.mastsrl.net\/wp-content\/uploads\/2021\/12\/macchrev.png\" alt=\"Revamping - Mast srl\" class=\"wp-image-154\" title=\"Revamping - Mast srl\"\/><\/figure><\/div>\n<\/div>\n<\/div>\n\n<hr class=\"wp-block-separator is-style-wide\"\/>\n\n<h5 class=\"wp-block-heading\" id=\"altre-soluzioni\">D\u2019AUTRES SOLUTIONS<\/h5>\n\n<p>MAST a la possibilit\u00e9, en collaboration avec d\u2019autre soci\u00e9t\u00e9s du secteur, de trouver et impl\u00e9menter d\u2019autre solutions, par exemple \u00e9tiqueteurs, capsulages et d\u2019autre machines. Par notre expertise et gr\u00e2ce \u00e0 notre r\u00e9seau de contacts on vise \u00e0 satisfaire tout exigence du client en r\u00e9alisant projets d\u2019une mani\u00e8re tr\u00e8s flexible.<\/p>\n\r\n    <a href=\"https:\/\/www.mastsrl.net\/contatti\">\r\n    <button class=\"position-absolute bottom-0   bg-red text-white\" title=\"Richiedi maggiori informazioni - mastsrl.net\">Demander des informations\n<\/button>\r\n    <\/a>\r\n    \n","protected":false},"excerpt":{"rendered":"<p>MAST srl | Machines et syst\u00e8me d\u2019embouteillage MACHINE \u00c0 REMPLISSAGE Les machines \u00e0 remplissage repr\u00e9sentent le point focal des syst\u00e8mes d\u2019embouteillage. Elles sont utilis\u00e9es pour embouteiller de diff\u00e9rents types de produits liquides ou \u00e0 haute viscosit\u00e9 ; faciles \u00e0 utiliser elles n\u00e9cessitent peu de maintenance. Il y a plusieurs types de machines selon le produit [&hellip;]<\/p>\n","protected":false},"author":1,"featured_media":0,"parent":0,"menu_order":0,"comment_status":"closed","ping_status":"closed","template":"","meta":{"ngg_post_thumbnail":0,"footnotes":""},"class_list":["post-234","page","type-page","status-publish","hentry"],"_links":{"self":[{"href":"https:\/\/www.mastsrl.net\/fr\/wp-json\/wp\/v2\/pages\/234","targetHints":{"allow":["GET"]}}],"collection":[{"href":"https:\/\/www.mastsrl.net\/fr\/wp-json\/wp\/v2\/pages"}],"about":[{"href":"https:\/\/www.mastsrl.net\/fr\/wp-json\/wp\/v2\/types\/page"}],"author":[{"embeddable":true,"href":"https:\/\/www.mastsrl.net\/fr\/wp-json\/wp\/v2\/users\/1"}],"replies":[{"embeddable":true,"href":"https:\/\/www.mastsrl.net\/fr\/wp-json\/wp\/v2\/comments?post=234"}],"version-history":[{"count":3,"href":"https:\/\/www.mastsrl.net\/fr\/wp-json\/wp\/v2\/pages\/234\/revisions"}],"predecessor-version":[{"id":237,"href":"https:\/\/www.mastsrl.net\/fr\/wp-json\/wp\/v2\/pages\/234\/revisions\/237"}],"wp:attachment":[{"href":"https:\/\/www.mastsrl.net\/fr\/wp-json\/wp\/v2\/media?parent=234"}],"curies":[{"name":"wp","href":"https:\/\/api.w.org\/{rel}","templated":true}]}}