{"id":185,"date":"2022-02-22T15:06:27","date_gmt":"2022-02-22T15:06:27","guid":{"rendered":"https:\/\/www.mastsrl.net\/entreprise\/"},"modified":"2022-06-23T14:08:13","modified_gmt":"2022-06-23T14:08:13","slug":"entreprise","status":"publish","type":"page","link":"https:\/\/www.mastsrl.net\/fr\/entreprise\/","title":{"rendered":"Entreprise"},"content":{"rendered":"\n<title>MAST srl | Notre entreprise<\/title>\n<h2 class=\"wp-block-heading\" id=\"mast-srl-impianti-di-imbottigliamento\">MAST SRL \u2013 SYST\u00c8MES D\u2019EMBOUTEILLAGE<\/h2>\n\n<div class=\"wp-block-columns is-layout-flex wp-container-core-columns-is-layout-9d6595d7 wp-block-columns-is-layout-flex\">\n<div class=\"wp-block-column pe-5 is-layout-flow wp-block-column-is-layout-flow\" style=\"flex-basis:66.66%\">\n<p>MAST SRL est une entreprise sp\u00e9cialis\u00e9e dans le secteur du remplissage. Elle est n\u00e9e en 2005 gr\u00e2ce \u00e0 vingt ans d\u2019exp\u00e9rience de Mauro Strag\u00e0.<\/p>\n\n\n\n<p>La force de notre groupe c\u2019est d\u2019offrir beaucoup de services \u00e0 nos clients. Pas seulement planification, constructions des machines et installations mais aussi support technique, consultation, maintenance et fourniture de pi\u00e8ces de rechange.<\/p>\n\n\n\n<p>La confiance que nos clients nous font, nous a permis de grandir et de nous consolider dans le secteur ; pour cette raison, notre objectif c\u2019est d\u2019offrir notre meilleure solution sur mesure \u00e0 chacun de nos clients gr\u00e2ce \u00e0 notre professionnalisme et \u00e0 l\u2019expertise de notre \u00e9quipe.<\/p>\n\n\n\n<h6 class=\"has-text-color wp-block-heading\" id=\"ingegneria-e-innovazione\" style=\"color:#be1621\"><br\/>TECHNIQUE ET INNOVATION<\/h6>\n\n\n\n<p class=\"has-black-color has-text-color\">MAST n\u2019utilise que mat\u00e9riaux d\u2019haute qualit\u00e9 qui donnent \u00e0 nos produits solidit\u00e9 et durabilit\u00e9, avec des joints et tuyauteries convenables \u00e0 tout liquide. Nous garantissons aussi un service d\u2019assistance qualifi\u00e9 et rapide, afin que nos clients soient toujours pleinement satisfaits.<\/p>\n<\/div>\n\n\n\n<div class=\"wp-block-column is-layout-flow wp-block-column-is-layout-flow\" style=\"flex-basis:33.33%\">\n<figure class=\"wp-block-image size-full\"><img decoding=\"async\" src=\"https:\/\/www.mastsrl.net\/wp-content\/uploads\/2021\/12\/pagazienda.png\" alt=\"\" class=\"wp-image-52\"\/><\/figure><\/div>\n<\/div>\n\n<p><\/p>\n","protected":false},"excerpt":{"rendered":"<p>MAST srl | Notre entreprise MAST SRL \u2013 SYST\u00c8MES D\u2019EMBOUTEILLAGE MAST SRL est une entreprise sp\u00e9cialis\u00e9e dans le secteur du remplissage. Elle est n\u00e9e en 2005 gr\u00e2ce \u00e0 vingt ans d\u2019exp\u00e9rience de Mauro Strag\u00e0. La force de notre groupe c\u2019est d\u2019offrir beaucoup de services \u00e0 nos clients. Pas seulement planification, constructions des machines et installations [&hellip;]<\/p>\n","protected":false},"author":1,"featured_media":0,"parent":0,"menu_order":0,"comment_status":"closed","ping_status":"closed","template":"","meta":{"ngg_post_thumbnail":0,"footnotes":""},"class_list":["post-185","page","type-page","status-publish","hentry"],"_links":{"self":[{"href":"https:\/\/www.mastsrl.net\/fr\/wp-json\/wp\/v2\/pages\/185","targetHints":{"allow":["GET"]}}],"collection":[{"href":"https:\/\/www.mastsrl.net\/fr\/wp-json\/wp\/v2\/pages"}],"about":[{"href":"https:\/\/www.mastsrl.net\/fr\/wp-json\/wp\/v2\/types\/page"}],"author":[{"embeddable":true,"href":"https:\/\/www.mastsrl.net\/fr\/wp-json\/wp\/v2\/users\/1"}],"replies":[{"embeddable":true,"href":"https:\/\/www.mastsrl.net\/fr\/wp-json\/wp\/v2\/comments?post=185"}],"version-history":[{"count":3,"href":"https:\/\/www.mastsrl.net\/fr\/wp-json\/wp\/v2\/pages\/185\/revisions"}],"predecessor-version":[{"id":188,"href":"https:\/\/www.mastsrl.net\/fr\/wp-json\/wp\/v2\/pages\/185\/revisions\/188"}],"wp:attachment":[{"href":"https:\/\/www.mastsrl.net\/fr\/wp-json\/wp\/v2\/media?parent=185"}],"curies":[{"name":"wp","href":"https:\/\/api.w.org\/{rel}","templated":true}]}}