{"id":174,"date":"2022-02-22T15:09:12","date_gmt":"2022-02-22T15:09:12","guid":{"rendered":"https:\/\/www.mastsrl.net\/rechange-mise-a-jour-technique\/"},"modified":"2022-10-26T10:29:59","modified_gmt":"2022-10-26T10:29:59","slug":"rechange-mise-a-jour-technique","status":"publish","type":"page","link":"https:\/\/www.mastsrl.net\/fr\/rechange-mise-a-jour-technique\/","title":{"rendered":"Rechange Mise \u00c0 Jour Technique"},"content":{"rendered":"\n<title>MAST srl | Rechange Mise \u00c0 Jour Technique<\/title>\n<h2 class=\"wp-block-heading\" id=\"fornitura-di-materiali-componenti-e-pezzi-di-ricambio\">FOURNITURE DE MAT\u00c9RIAUX, COMPOSANTS ET PI\u00c8CES DE RECHANGE<\/h2>\n\n<div class=\"wp-block-columns is-layout-flex wp-container-core-columns-is-layout-9d6595d7 wp-block-columns-is-layout-flex\">\n<div class=\"wp-block-column is-vertically-aligned-top is-layout-flow wp-block-column-is-layout-flow\" style=\"flex-basis:66.66%\">\n<p class=\"has-text-align-left\">MAST fait face aux besoins des clients pour la fourniture de mat\u00e9riaux, composants et rechanges n\u00e9cessaires \u00e0 leurs syst\u00e8mes d\u2019embouteillage. Notre logistique peut fournir pi\u00e8ces de rechange et composants en essayant de garantir une livraison rapide et de g\u00e9rer de diff\u00e9rentes urgences d\u2019une mani\u00e8re efficace. Notre groupe est pr\u00e9par\u00e9 \u00e0 donner un service rapide et professionnel et \u00e0 trouver une solution \u00e0 tout besoin du client en \u00e9valuant soit le cadre technique que commercial.<\/p>\n\n\n\n<h6 class=\"has-text-color wp-block-heading\" id=\"upgrade-tecnologici-degli-impianti\" style=\"color:#be1621\"><br\/>MISE \u00c0 JOUR TECHNIQUE DES SYST\u00c8MES D\u2019EMBOUTEILLAGE<\/h6>\n\n\n\n<p>MAST peut envisager des solutions d\u2019upgrade technique des installations d\u00e9j\u00e0 chez les clients.<br\/>Dans certains contextes productifs, l\u2019actualisation et impl\u00e9mentation de nouveaux composants sur machines et syst\u00e8mes d\u00e9j\u00e0 en marche est la solution la plus indiqu\u00e9e. Nouveaux composants et technologies avanc\u00e9es peuvent \u00eatre install\u00e9s sur machines d\u00e9j\u00e0 en service et \u00e7a permet d\u2019am\u00e9liorer leurs efficacit\u00e9, flexibilit\u00e9 et durabilit\u00e9.<br\/>En g\u00e9n\u00e9ral, un upgrade apporte plusieurs avantages :<\/p>\n\n\n\n<ul class=\"wp-block-list\" style=\"font-size:12.5px\"><li><strong>Economie d\u2019\u00e9nergie<\/strong><\/li><li><strong>Performances<\/strong><\/li><li><strong style=\"color: initial;\">Efficacit\u00e9<\/strong><\/li><li><strong>Qualit\u00e9<\/strong><\/li><li><strong style=\"color: initial;\">S\u00e9curit\u00e9<\/strong><\/li><\/ul>\n\n\n<p class=\"has-text-align-left\">Apr\u00e8s une analyse des diff\u00e9rents aspects et exigences, nos techniciens trouvent une solution sur mesure \u00e0 chaque client, afin que tous puissent en b\u00e9n\u00e9ficier.<\/p>\n\n\n\n<div style=\"height:40px\" aria-hidden=\"true\" class=\"wp-block-spacer\"><\/div>\n\n\n\r\n    <a href=\"https:\/\/www.mastsrl.net\/contatti\">\r\n    <button class=\"position-absolute bottom-0   bg-red text-white\" title=\"Richiedi maggiori informazioni - mastsrl.net\">Demander des informations\n<\/button>\r\n    <\/a>\r\n    \n<\/div>\n\n\n\n<div class=\"wp-block-column is-layout-flow wp-block-column-is-layout-flow\" style=\"flex-basis:33.33%\"><div class=\"wp-block-image\">\n<figure class=\"aligncenter size-full\"><img decoding=\"async\" src=\"https:\/\/www.mastsrl.net\/wp-content\/uploads\/2021\/12\/pageric.png\" alt=\"\" class=\"wp-image-77\"\/><\/figure><\/div><\/div>\n<\/div>\n\n<p><\/p>\n","protected":false},"excerpt":{"rendered":"<p>MAST srl | Rechange Mise \u00c0 Jour Technique FOURNITURE DE MAT\u00c9RIAUX, COMPOSANTS ET PI\u00c8CES DE RECHANGE MAST fait face aux besoins des clients pour la fourniture de mat\u00e9riaux, composants et rechanges n\u00e9cessaires \u00e0 leurs syst\u00e8mes d\u2019embouteillage. Notre logistique peut fournir pi\u00e8ces de rechange et composants en essayant de garantir une livraison rapide et de g\u00e9rer [&hellip;]<\/p>\n","protected":false},"author":1,"featured_media":0,"parent":0,"menu_order":0,"comment_status":"closed","ping_status":"closed","template":"","meta":{"ngg_post_thumbnail":0,"footnotes":""},"class_list":["post-174","page","type-page","status-publish","hentry"],"_links":{"self":[{"href":"https:\/\/www.mastsrl.net\/fr\/wp-json\/wp\/v2\/pages\/174","targetHints":{"allow":["GET"]}}],"collection":[{"href":"https:\/\/www.mastsrl.net\/fr\/wp-json\/wp\/v2\/pages"}],"about":[{"href":"https:\/\/www.mastsrl.net\/fr\/wp-json\/wp\/v2\/types\/page"}],"author":[{"embeddable":true,"href":"https:\/\/www.mastsrl.net\/fr\/wp-json\/wp\/v2\/users\/1"}],"replies":[{"embeddable":true,"href":"https:\/\/www.mastsrl.net\/fr\/wp-json\/wp\/v2\/comments?post=174"}],"version-history":[{"count":8,"href":"https:\/\/www.mastsrl.net\/fr\/wp-json\/wp\/v2\/pages\/174\/revisions"}],"predecessor-version":[{"id":245,"href":"https:\/\/www.mastsrl.net\/fr\/wp-json\/wp\/v2\/pages\/174\/revisions\/245"}],"wp:attachment":[{"href":"https:\/\/www.mastsrl.net\/fr\/wp-json\/wp\/v2\/media?parent=174"}],"curies":[{"name":"wp","href":"https:\/\/api.w.org\/{rel}","templated":true}]}}