{"id":172,"date":"2022-02-22T15:00:34","date_gmt":"2022-02-22T15:00:34","guid":{"rendered":"https:\/\/www.mastsrl.net\/support-technique-et-maintenance\/"},"modified":"2022-06-23T13:14:56","modified_gmt":"2022-06-23T13:14:56","slug":"support-technique-et-maintenance","status":"publish","type":"page","link":"https:\/\/www.mastsrl.net\/fr\/support-technique-et-maintenance\/","title":{"rendered":"Support Technique Et Maintenance"},"content":{"rendered":"\n<title>MAST srl | Support Technique Et Maintenance<\/title>\n<h2 class=\"wp-block-heading\" id=\"esperienza-e-professionalita-al-servizio-del-cliente\">EXP\u00c9RIENCE ET PROFESSIONNALISME AU SERVICE DU CLIENT<\/h2>\n\n<div class=\"wp-block-columns is-layout-flex wp-container-core-columns-is-layout-9d6595d7 wp-block-columns-is-layout-flex\">\n<div class=\"wp-block-column is-vertically-aligned-top pe-sm-5 is-layout-flow wp-block-column-is-layout-flow\" style=\"flex-basis:70%\">\n<p class=\"has-text-align-left\">MAST offre un service assistance \u00e0 360 degr\u00e9s qui garantit un d\u00e9vouement total \u00e0 r\u00e9gler tout souci du client. Conseil par t\u00e9l\u00e9phone, support et assistance technique, maintenance et audit : par nos services on cherche toujours \u00e0 faire face aux besoins du client le plus rapidement possible. D\u2019abord on essaye \u00e0 r\u00e9soudre les probl\u00e8mes par assistance au t\u00e9l\u00e9phone \u2013 si le souci technique n\u00e9cessite une intervention sur place, notre groupe programme une visite afin de ne pas arr\u00eater les machines pendant les pics de production. <\/p>\n\n\n\n<h6 class=\"has-text-color wp-block-heading\" id=\"manutenzione-specializzata-di-macchinari-ed-impianti\" style=\"color:#be1621\">MAINTENANCE SPECIALISEE DES MACHINES ET DES SYSTEMES<\/h6>\n\n\n\n<p class=\"has-text-align-left has-black-color has-text-color\">Notre \u00e9quipe est en mesure de planifier interventions de maintenance ordinaire et extraordinaire sur machines et syst\u00e8mes d\u2019embouteillage (installations, maintenance, proc\u00e9dure de diagnostic, r\u00e9parations, test de mise en service).<\/p>\n\n\n\r\n    <a href=\"https:\/\/www.mastsrl.net\/contatti\">\r\n    <button class=\"position-absolute bottom-0   bg-red text-white\" title=\"Richiedi maggiori informazioni - mastsrl.net\">Demander des informations\n<\/button>\r\n    <\/a>\r\n    \n<\/div>\n\n\n\n<div class=\"wp-block-column is-vertically-aligned-top is-layout-flow wp-block-column-is-layout-flow\" style=\"flex-basis:30%\">\n<div class=\"wp-block-image\"><figure class=\"alignright size-full is-resized\"><img loading=\"lazy\" decoding=\"async\" src=\"https:\/\/www.mastsrl.net\/wp-content\/uploads\/2022\/02\/pageassist.png\" alt=\"\" class=\"wp-image-27\" width=\"322\" height=\"377\" srcset=\"https:\/\/www.mastsrl.net\/wp-content\/uploads\/2022\/02\/pageassist.png 380w, https:\/\/www.mastsrl.net\/wp-content\/uploads\/2022\/02\/pageassist-256x300.png 256w\" sizes=\"auto, (max-width: 322px) 100vw, 322px\" \/><\/figure><\/div>\n\n\n\n<p><\/p>\n<\/div>\n<\/div>\n\n<div class=\"wp-block-columns assistblock is-layout-flex wp-container-core-columns-is-layout-9d6595d7 wp-block-columns-is-layout-flex\">\n<div class=\"wp-block-column is-layout-flow wp-block-column-is-layout-flow\">\n<figure class=\"wp-block-image size-large mb-0\"><img decoding=\"async\" src=\"https:\/\/www.mastsrl.net\/wp-content\/uploads\/2021\/12\/pageassinfo1.png\" alt=\"\"\/><\/figure>\n\n\n<p class=\"has-text-align-center lh-base has-background\" style=\"background-color:#f5f5f5\"><br\/><strong>ASSISTANCE T\u00c9L\u00c9PHONIQUE IMM\u00c9DIATE<\/strong> <br\/><br\/>Notre groupe est \u00e0 disposition pour donner un service d\u2019assistance rapide pour donner \u00e0 nos clients conseils et support en cas de besoin.<\/p>\n<\/div>\n\n\n\n<div class=\"wp-block-column is-layout-flow wp-block-column-is-layout-flow\">\n<figure class=\"wp-block-image size-large mb-0\"><img decoding=\"async\" src=\"https:\/\/www.mastsrl.net\/wp-content\/uploads\/2021\/12\/pageassinfo2.png\" alt=\"\"\/><\/figure>\n\n\n<p class=\"has-text-align-center lh-base has-background\" style=\"background-color:#f5f5f5\"><br\/><strong>ASSISTANCE ET SUPPORT SUR SITE<\/strong><br\/><br\/>Les techniciens MAST sont toujours pr\u00eats \u00e0 faire interventions d\u2019assistance sur place afin de garantir un service toujours plus attentif envers les clients.<\/p>\n<\/div>\n\n\n\n<div class=\"wp-block-column is-layout-flow wp-block-column-is-layout-flow\">\n<figure class=\"wp-block-image size-full mb-0\"><img decoding=\"async\" src=\"https:\/\/www.mastsrl.net\/wp-content\/uploads\/2021\/12\/pageassinfo3.png\" alt=\"\" class=\"wp-image-69\"\/><\/figure>\n\n\n<p class=\"has-text-align-center lh-base has-background\" style=\"background-color:#f5f5f5\"><br\/><strong>MAINTENANCE ORDINAIRE<br\/>ET EXTRAORDINAIRE<\/strong><br\/><br\/>Nos services apr\u00e8s-vente incluent la visite de techniciens pour interventions programm\u00e9es d\u2019entretien ordinaire et extraordinaire et pour d\u2019autres soucis.<\/p>\n<\/div>\n<\/div>\n","protected":false},"excerpt":{"rendered":"<p>MAST srl | Support Technique Et Maintenance EXP\u00c9RIENCE ET PROFESSIONNALISME AU SERVICE DU CLIENT MAST offre un service assistance \u00e0 360 degr\u00e9s qui garantit un d\u00e9vouement total \u00e0 r\u00e9gler tout souci du client. Conseil par t\u00e9l\u00e9phone, support et assistance technique, maintenance et audit : par nos services on cherche toujours \u00e0 faire face aux besoins [&hellip;]<\/p>\n","protected":false},"author":1,"featured_media":0,"parent":0,"menu_order":0,"comment_status":"closed","ping_status":"closed","template":"","meta":{"ngg_post_thumbnail":0,"footnotes":""},"class_list":["post-172","page","type-page","status-publish","hentry"],"_links":{"self":[{"href":"https:\/\/www.mastsrl.net\/fr\/wp-json\/wp\/v2\/pages\/172","targetHints":{"allow":["GET"]}}],"collection":[{"href":"https:\/\/www.mastsrl.net\/fr\/wp-json\/wp\/v2\/pages"}],"about":[{"href":"https:\/\/www.mastsrl.net\/fr\/wp-json\/wp\/v2\/types\/page"}],"author":[{"embeddable":true,"href":"https:\/\/www.mastsrl.net\/fr\/wp-json\/wp\/v2\/users\/1"}],"replies":[{"embeddable":true,"href":"https:\/\/www.mastsrl.net\/fr\/wp-json\/wp\/v2\/comments?post=172"}],"version-history":[{"count":1,"href":"https:\/\/www.mastsrl.net\/fr\/wp-json\/wp\/v2\/pages\/172\/revisions"}],"predecessor-version":[{"id":173,"href":"https:\/\/www.mastsrl.net\/fr\/wp-json\/wp\/v2\/pages\/172\/revisions\/173"}],"wp:attachment":[{"href":"https:\/\/www.mastsrl.net\/fr\/wp-json\/wp\/v2\/media?parent=172"}],"curies":[{"name":"wp","href":"https:\/\/api.w.org\/{rel}","templated":true}]}}