{"id":170,"date":"2022-02-22T15:08:46","date_gmt":"2022-02-22T15:08:46","guid":{"rendered":"https:\/\/www.mastsrl.net\/planification-construction-et-vente\/"},"modified":"2022-06-23T13:07:03","modified_gmt":"2022-06-23T13:07:03","slug":"planification-construction-et-vente","status":"publish","type":"page","link":"https:\/\/www.mastsrl.net\/fr\/planification-construction-et-vente\/","title":{"rendered":"Planification Construction Et Vente"},"content":{"rendered":"\n<title>MAST srl | Planification Construction Et Vente<\/title>\n<h2 class=\"wp-block-heading\" id=\"progettazione-costruzione-e-venditadi-impianti-e-macchinari\">PLANIFICATION CONSTRUCTION ET VENTE<br\/>DE SYST\u00c8MES ET MACHINES D\u2019EMBOUTEILLAGE<\/h2>\n\n<div class=\"wp-block-columns is-layout-flex wp-container-core-columns-is-layout-9d6595d7 wp-block-columns-is-layout-flex\">\n<div class=\"wp-block-column is-vertically-aligned-top pe-5 is-layout-flow wp-block-column-is-layout-flow\" style=\"flex-basis:66.66%\">\n<p>MAST suit toutes les \u00e9tapes de r\u00e9alisation des machines avec tout le d\u00e9vouement et le soin, que chacun de nos clients m\u00e9rite. De la petite \u00e0 la grande entreprise, MAST s\u2019engage \u00e0 chaque projet de la m\u00eame attention et importance. Confiants en l\u2019exp\u00e9rience et professionnalisme de nos ing\u00e9nieurs, techniciens et collaborateurs, MAST supervise tout le processus de fabrication afin de respecter toujours le d\u00e9lai de livraison.<\/p>\n\n\n\n<h6 class=\"has-text-color wp-block-heading\" id=\"titolo-paragrafo-servizio\" style=\"color:#be1621\"><br\/>SYST\u00c8MES D\u2019EMBOUTEILLAGE SUR MESURE<\/h6>\n\n\n\n<p>Du layout au syst\u00e8me, MAST trouve des solutions personnalis\u00e9es en fonction des besoins du client. On d\u00e9veloppe les syst\u00e8mes et on optimise les installations conform\u00e9ment aux exigences de chaque entreprise. Le r\u00e9sultat c\u2019est un syst\u00e8me fiable et conforme aux besoins productifs de tout activit\u00e9 qui simplifie le travail de nos clients et en m\u00eame temps cherche \u00e0 optimiser les avantages.<\/p>\n\n\n\n<h6 class=\"has-text-color wp-block-heading\" id=\"titolo-paragrafo-servizio\" style=\"color:#be1621\"><br\/>QUALIT\u00c9 ET FIABILIT\u00c9<\/h6>\n\n\n\n<p>La construction des installations est r\u00e9alis\u00e9e par une \u00e9quipe de techniciens sp\u00e9cialis\u00e9s gr\u00e2ce \u00e0 technologies et syst\u00e8mes de travail tr\u00e8s avanc\u00e9s. Tous les mat\u00e9riaux utilis\u00e9s pour la production de nos machines sont d\u2019haute qualit\u00e9, test\u00e9e et garantie. \u00c7a nous permet de fournir machines tr\u00e8s fiables, solides et durables. Nos services apr\u00e8s-vente sont aussi cens\u00e9s garder la fiabilit\u00e9 des machines et la pleine satisfaction de nos clients.<\/p>\n<\/div>\n\n\n\n<div class=\"wp-block-column is-layout-flow wp-block-column-is-layout-flow\" style=\"flex-basis:33.33%\">\n<div class=\"wp-block-image\"><figure class=\"aligncenter size-full\"><img decoding=\"async\" src=\"https:\/\/www.mastsrl.net\/wp-content\/uploads\/2021\/12\/pagepro1.png\" alt=\"\" class=\"wp-image-83\"\/><\/figure><\/div>\n\n\n\n<div class=\"wp-block-image\"><figure class=\"aligncenter size-full\"><img decoding=\"async\" src=\"https:\/\/www.mastsrl.net\/wp-content\/uploads\/2021\/12\/pagepro2.png\" alt=\"\" class=\"wp-image-84\"\/><\/figure><\/div>\n\n\n\n<div class=\"wp-block-image\"><figure class=\"aligncenter size-full\"><img decoding=\"async\" src=\"https:\/\/www.mastsrl.net\/wp-content\/uploads\/2021\/12\/pagepro3.png\" alt=\"\" class=\"wp-image-85\"\/><\/figure><\/div>\n<\/div>\n<\/div>\n\r\n    <a href=\"https:\/\/www.mastsrl.net\/contatti\">\r\n    <button class=\"position-absolute bottom-0   bg-red text-white\" title=\"Richiedi maggiori informazioni - mastsrl.net\">Demander des informations\n<\/button>\r\n    <\/a>\r\n    \n","protected":false},"excerpt":{"rendered":"<p>MAST srl | Planification Construction Et Vente PLANIFICATION CONSTRUCTION ET VENTEDE SYST\u00c8MES ET MACHINES D\u2019EMBOUTEILLAGE MAST suit toutes les \u00e9tapes de r\u00e9alisation des machines avec tout le d\u00e9vouement et le soin, que chacun de nos clients m\u00e9rite. De la petite \u00e0 la grande entreprise, MAST s\u2019engage \u00e0 chaque projet de la m\u00eame attention et importance. [&hellip;]<\/p>\n","protected":false},"author":1,"featured_media":0,"parent":0,"menu_order":0,"comment_status":"closed","ping_status":"closed","template":"","meta":{"ngg_post_thumbnail":0,"footnotes":""},"class_list":["post-170","page","type-page","status-publish","hentry"],"_links":{"self":[{"href":"https:\/\/www.mastsrl.net\/fr\/wp-json\/wp\/v2\/pages\/170","targetHints":{"allow":["GET"]}}],"collection":[{"href":"https:\/\/www.mastsrl.net\/fr\/wp-json\/wp\/v2\/pages"}],"about":[{"href":"https:\/\/www.mastsrl.net\/fr\/wp-json\/wp\/v2\/types\/page"}],"author":[{"embeddable":true,"href":"https:\/\/www.mastsrl.net\/fr\/wp-json\/wp\/v2\/users\/1"}],"replies":[{"embeddable":true,"href":"https:\/\/www.mastsrl.net\/fr\/wp-json\/wp\/v2\/comments?post=170"}],"version-history":[{"count":1,"href":"https:\/\/www.mastsrl.net\/fr\/wp-json\/wp\/v2\/pages\/170\/revisions"}],"predecessor-version":[{"id":171,"href":"https:\/\/www.mastsrl.net\/fr\/wp-json\/wp\/v2\/pages\/170\/revisions\/171"}],"wp:attachment":[{"href":"https:\/\/www.mastsrl.net\/fr\/wp-json\/wp\/v2\/media?parent=170"}],"curies":[{"name":"wp","href":"https:\/\/api.w.org\/{rel}","templated":true}]}}