{"id":246,"date":"2022-02-22T15:09:12","date_gmt":"2022-02-22T15:09:12","guid":{"rendered":"https:\/\/www.mastsrl.net\/spare-parts-and-technical-update\/"},"modified":"2022-10-26T10:33:30","modified_gmt":"2022-10-26T10:33:30","slug":"spare-parts-and-technical-update","status":"publish","type":"page","link":"https:\/\/www.mastsrl.net\/en\/spare-parts-and-technical-update\/","title":{"rendered":"Spare parts and Technical update"},"content":{"rendered":"\n<title>MAST srl | Spare parts and Technical update<\/title>\n<h2 class=\"wp-block-heading\" id=\"fornitura-di-materiali-componenti-e-pezzi-di-ricambio\">SUPPLY OF MATERIAL, COMPONENENTS AND SAPRE PARTS<\/h2>\n\n<div class=\"wp-block-columns is-layout-flex wp-container-core-columns-is-layout-9d6595d7 wp-block-columns-is-layout-flex\">\n<div class=\"wp-block-column is-vertically-aligned-top is-layout-flow wp-block-column-is-layout-flow\" style=\"flex-basis:66.66%\">\n<p class=\"has-text-align-left\">Supply of material, componenents and sapre parts MAST responds to customers\u2019 needs for the supply of material, components and spare parts necessary to their bottling systems. Our logistics can supply spare parts and components granting a quick delivery and efficiently managing different urgent issues. Our group is trained to find a solution to all customers\u2019 needs evaluationg both technical and marketing aspects. In base alle necessit\u00e0, la nostra logistica pu\u00f2 provvedere alla fornitura di pezzi di ricambio e componentistica, cercando di garantire un approvvigionamento quanto pi\u00f9 rapido possibile, gestendo con efficienza urgenze ed emergenze varie ed eventuali. Il nostro team \u00e8 preparato e predisposto ad offrire in maniera celere e professionale, un servizio che punta a trovare la soluzione migliore per ogni esigenza, valutando qualsiasi aspetto tecnico ed economico.  <\/p>\n\n\n\n<h6 class=\"has-text-color wp-block-heading\" id=\"upgrade-tecnologici-degli-impianti\" style=\"color:#be1621\"><br\/>TECHNICAL UPDATE OF BOTTLING SYSTEMS<\/h6>\n\n\n\n<p>MAST can find solutions for technical update of the systems already in use at customers\u2019 premises.<br\/>In some cases, the update and implementation of new components on machines and systems already in use is the best solution. New components and advanced devices can be installed on machines already tested and working. Thus allowing the improvement of their efficacy, flexibility and durability. <br\/>An upgrade usually has following advantages :<\/p>\n\n\n\n<ul class=\"wp-block-list\" style=\"font-size:12.5px\"><li><strong>Energy saving<\/strong><\/li><li><strong>Better performance<\/strong><\/li><li><strong style=\"color: initial;\">More efficacy<\/strong><\/li><li><strong>Quality improvement<\/strong><\/li><li><strong style=\"color: initial;\">Safety<\/strong><\/li><\/ul>\n\n\n<p class=\"has-text-align-left\">After analyzing different aspects and customers\u2019 needs, our thechnicians find a tailored solution that can be a benefit for everybody.<\/p>\n\n\n\n<div style=\"height:40px\" aria-hidden=\"true\" class=\"wp-block-spacer\"><\/div>\n\n\n\r\n    <a href=\"https:\/\/www.mastsrl.net\/contatti\">\r\n    <button class=\"position-absolute bottom-0   bg-red text-white\" title=\"Richiedi maggiori informazioni - mastsrl.net\">Request information<\/button>\r\n    <\/a>\r\n    \n<\/div>\n\n\n\n<div class=\"wp-block-column is-layout-flow wp-block-column-is-layout-flow\" style=\"flex-basis:33.33%\"><div class=\"wp-block-image\">\n<figure class=\"aligncenter size-full\"><img decoding=\"async\" src=\"https:\/\/www.mastsrl.net\/wp-content\/uploads\/2021\/12\/pageric.png\" alt=\"\" class=\"wp-image-77\"\/><\/figure><\/div><\/div>\n<\/div>\n\n<p><\/p>\n","protected":false},"excerpt":{"rendered":"<p>MAST srl | Spare parts and Technical update SUPPLY OF MATERIAL, COMPONENENTS AND SAPRE PARTS Supply of material, componenents and sapre parts MAST responds to customers\u2019 needs for the supply of material, components and spare parts necessary to their bottling systems. Our logistics can supply spare parts and components granting a quick delivery and efficiently [&hellip;]<\/p>\n","protected":false},"author":1,"featured_media":0,"parent":0,"menu_order":0,"comment_status":"closed","ping_status":"closed","template":"","meta":{"ngg_post_thumbnail":0,"footnotes":""},"class_list":["post-246","page","type-page","status-publish","hentry"],"_links":{"self":[{"href":"https:\/\/www.mastsrl.net\/en\/wp-json\/wp\/v2\/pages\/246","targetHints":{"allow":["GET"]}}],"collection":[{"href":"https:\/\/www.mastsrl.net\/en\/wp-json\/wp\/v2\/pages"}],"about":[{"href":"https:\/\/www.mastsrl.net\/en\/wp-json\/wp\/v2\/types\/page"}],"author":[{"embeddable":true,"href":"https:\/\/www.mastsrl.net\/en\/wp-json\/wp\/v2\/users\/1"}],"replies":[{"embeddable":true,"href":"https:\/\/www.mastsrl.net\/en\/wp-json\/wp\/v2\/comments?post=246"}],"version-history":[{"count":1,"href":"https:\/\/www.mastsrl.net\/en\/wp-json\/wp\/v2\/pages\/246\/revisions"}],"predecessor-version":[{"id":247,"href":"https:\/\/www.mastsrl.net\/en\/wp-json\/wp\/v2\/pages\/246\/revisions\/247"}],"wp:attachment":[{"href":"https:\/\/www.mastsrl.net\/en\/wp-json\/wp\/v2\/media?parent=246"}],"curies":[{"name":"wp","href":"https:\/\/api.w.org\/{rel}","templated":true}]}}